{"id":92127,"date":"2024-12-15T14:57:10","date_gmt":"2024-12-15T20:57:10","guid":{"rendered":"https:\/\/avellanas.mercato.cr\/?post_type=product&#038;p=92127"},"modified":"2025-12-09T15:17:42","modified_gmt":"2025-12-09T21:17:42","slug":"regalo-duo-desodorante-y-jabon-naturaleza-mistica","status":"publish","type":"product","link":"https:\/\/avellanas.mercato.cr\/es\/bwlm-shop\/packs\/regalos-de-navidad\/regalo-duo-desodorante-y-jabon-naturaleza-mistica\/","title":{"rendered":"Regalo D\u00fao Desodorante y Jab\u00f3n Naturaleza M\u00edstica"},"content":{"rendered":"","protected":false},"excerpt":{"rendered":"","protected":false},"featured_media":92126,"template":"","meta":[],"product_brand":[],"product_cat":[1800],"product_tag":[1538],"class_list":{"0":"post-92127","1":"product","2":"type-product","3":"status-publish","4":"has-post-thumbnail","6":"product_cat-regalos-de-navidad","7":"product_tag-regalos-de-navidad-es","8":"wc-prl-cat-1800","9":"wc-prl-tag-1538","11":"first","12":"outofstock","13":"taxable","14":"shipping-taxable","15":"purchasable","16":"product-type-simple"},"jetpack_sharing_enabled":true,"_links":{"self":[{"href":"https:\/\/avellanas.mercato.cr\/es\/wp-json\/wp\/v2\/product\/92127","targetHints":{"allow":["GET"]}}],"collection":[{"href":"https:\/\/avellanas.mercato.cr\/es\/wp-json\/wp\/v2\/product"}],"about":[{"href":"https:\/\/avellanas.mercato.cr\/es\/wp-json\/wp\/v2\/types\/product"}],"wp:featuredmedia":[{"embeddable":true,"href":"https:\/\/avellanas.mercato.cr\/es\/wp-json\/wp\/v2\/media\/92126"}],"wp:attachment":[{"href":"https:\/\/avellanas.mercato.cr\/es\/wp-json\/wp\/v2\/media?parent=92127"}],"wp:term":[{"taxonomy":"product_brand","embeddable":true,"href":"https:\/\/avellanas.mercato.cr\/es\/wp-json\/wp\/v2\/product_brand?post=92127"},{"taxonomy":"product_cat","embeddable":true,"href":"https:\/\/avellanas.mercato.cr\/es\/wp-json\/wp\/v2\/product_cat?post=92127"},{"taxonomy":"product_tag","embeddable":true,"href":"https:\/\/avellanas.mercato.cr\/es\/wp-json\/wp\/v2\/product_tag?post=92127"}],"curies":[{"name":"wp","href":"https:\/\/api.w.org\/{rel}","templated":true}]}}