{"id":91722,"date":"2024-12-06T16:58:16","date_gmt":"2024-12-06T22:58:16","guid":{"rendered":"https:\/\/avellanas.mercato.cr\/?post_type=product&#038;p=91722"},"modified":"2025-12-09T15:17:51","modified_gmt":"2025-12-09T21:17:51","slug":"cafe-cold-brew-coffee-people-340ml","status":"publish","type":"product","link":"https:\/\/avellanas.mercato.cr\/es\/bwlm-shop\/cafe-sostenible\/cafe-cold-brew-coffee-people-340ml\/","title":{"rendered":"Caf\u00e9 Preparado en Fr\u00edo Gente &#8211; 340ml"},"content":{"rendered":"","protected":false},"excerpt":{"rendered":"<p>Caf\u00e9 especial elaborado en Costa Rica, listo para disfrutar.<\/p>\n","protected":false},"featured_media":91721,"template":"","meta":[],"product_brand":[],"product_cat":[685],"product_tag":[188],"class_list":{"0":"post-91722","1":"product","2":"type-product","3":"status-publish","4":"has-post-thumbnail","6":"product_cat-cafe-sostenible","7":"product_tag-artesanal","8":"wc-prl-cat-685","9":"wc-prl-tag-188","11":"first","12":"outofstock","13":"taxable","14":"shipping-taxable","15":"purchasable","16":"product-type-simple"},"jetpack_sharing_enabled":true,"_links":{"self":[{"href":"https:\/\/avellanas.mercato.cr\/es\/wp-json\/wp\/v2\/product\/91722","targetHints":{"allow":["GET"]}}],"collection":[{"href":"https:\/\/avellanas.mercato.cr\/es\/wp-json\/wp\/v2\/product"}],"about":[{"href":"https:\/\/avellanas.mercato.cr\/es\/wp-json\/wp\/v2\/types\/product"}],"wp:featuredmedia":[{"embeddable":true,"href":"https:\/\/avellanas.mercato.cr\/es\/wp-json\/wp\/v2\/media\/91721"}],"wp:attachment":[{"href":"https:\/\/avellanas.mercato.cr\/es\/wp-json\/wp\/v2\/media?parent=91722"}],"wp:term":[{"taxonomy":"product_brand","embeddable":true,"href":"https:\/\/avellanas.mercato.cr\/es\/wp-json\/wp\/v2\/product_brand?post=91722"},{"taxonomy":"product_cat","embeddable":true,"href":"https:\/\/avellanas.mercato.cr\/es\/wp-json\/wp\/v2\/product_cat?post=91722"},{"taxonomy":"product_tag","embeddable":true,"href":"https:\/\/avellanas.mercato.cr\/es\/wp-json\/wp\/v2\/product_tag?post=91722"}],"curies":[{"name":"wp","href":"https:\/\/api.w.org\/{rel}","templated":true}]}}