{"id":88904,"date":"2024-10-22T20:52:22","date_gmt":"2024-10-23T02:52:22","guid":{"rendered":"https:\/\/avellanas.mercato.cr\/?post_type=product&#038;p=88904"},"modified":"2026-01-05T21:11:03","modified_gmt":"2026-01-06T03:11:03","slug":"capsulas-de-curcuma-pimienta-organica-60u","status":"publish","type":"product","link":"https:\/\/avellanas.mercato.cr\/es\/bwlm-shop\/especias\/capsulas-de-curcuma-pimienta-organica-60u\/","title":{"rendered":"C\u00farcuma pimienta ecol\u00f3gica c\u00e1psulas 60u"},"content":{"rendered":"","protected":false},"excerpt":{"rendered":"","protected":false},"featured_media":113882,"template":"","meta":[],"product_cat":[133],"product_tag":[185],"jetpack_sharing_enabled":true,"_links":{"self":[{"href":"https:\/\/avellanas.mercato.cr\/es\/wp-json\/wp\/v2\/product\/88904"}],"collection":[{"href":"https:\/\/avellanas.mercato.cr\/es\/wp-json\/wp\/v2\/product"}],"about":[{"href":"https:\/\/avellanas.mercato.cr\/es\/wp-json\/wp\/v2\/types\/product"}],"wp:featuredmedia":[{"embeddable":true,"href":"https:\/\/avellanas.mercato.cr\/es\/wp-json\/wp\/v2\/media\/113882"}],"wp:attachment":[{"href":"https:\/\/avellanas.mercato.cr\/es\/wp-json\/wp\/v2\/media?parent=88904"}],"wp:term":[{"taxonomy":"product_cat","embeddable":true,"href":"https:\/\/avellanas.mercato.cr\/es\/wp-json\/wp\/v2\/product_cat?post=88904"},{"taxonomy":"product_tag","embeddable":true,"href":"https:\/\/avellanas.mercato.cr\/es\/wp-json\/wp\/v2\/product_tag?post=88904"}],"curies":[{"name":"wp","href":"https:\/\/api.w.org\/{rel}","templated":true}]}}