{"id":87206,"date":"2024-09-21T17:10:41","date_gmt":"2024-09-21T23:10:41","guid":{"rendered":"https:\/\/avellanas.mercato.cr\/tienda\/sin%20categor\u00eda\/pan-cuadrado-simple-congelado-unidad\/"},"modified":"2026-04-11T20:01:16","modified_gmt":"2026-04-12T02:01:16","slug":"pan-cuadrado-simple-congelado-unidad","status":"publish","type":"product","link":"https:\/\/avellanas.mercato.cr\/es\/bwlm-shop\/panaderia\/pan-cuadrado-simple-congelado-unidad\/","title":{"rendered":"Pan Cuadrado Simple Masa Madre Congelado &#8211; Unidad"},"content":{"rendered":"","protected":false},"excerpt":{"rendered":"<p>Si le gustan las cosas sencillas, ejecutadas con excelencia, \u00e9sta es su elecci\u00f3n. 850 gramos de textura, sabor y sensaciones simplemente deliciosas. Congelado y rebanado, listo para meter unos instantes al horno, al tostador o al sart\u00e9n. Harina artesanal, Salvadillo (fibra), Masa madre, Sal, Agua. sin ning\u00fan aditivo ni conservante (s\u00f3lo revisa los ingredientes del pan cuadrado comercial&#8230;) y elija salud y calidad.<\/p>\n","protected":false},"featured_media":113330,"template":"","meta":[],"product_brand":[],"product_cat":[141],"product_tag":[280,187],"class_list":{"0":"post-87206","1":"product","2":"type-product","3":"status-publish","4":"has-post-thumbnail","6":"product_cat-panaderia","7":"product_tag-congelado","8":"product_tag-masa-madre","9":"wc-prl-cat-141","10":"wc-prl-tag-280-187","12":"first","13":"instock","14":"taxable","15":"shipping-taxable","16":"purchasable","17":"product-type-simple"},"jetpack_sharing_enabled":true,"_links":{"self":[{"href":"https:\/\/avellanas.mercato.cr\/es\/wp-json\/wp\/v2\/product\/87206","targetHints":{"allow":["GET"]}}],"collection":[{"href":"https:\/\/avellanas.mercato.cr\/es\/wp-json\/wp\/v2\/product"}],"about":[{"href":"https:\/\/avellanas.mercato.cr\/es\/wp-json\/wp\/v2\/types\/product"}],"wp:featuredmedia":[{"embeddable":true,"href":"https:\/\/avellanas.mercato.cr\/es\/wp-json\/wp\/v2\/media\/113330"}],"wp:attachment":[{"href":"https:\/\/avellanas.mercato.cr\/es\/wp-json\/wp\/v2\/media?parent=87206"}],"wp:term":[{"taxonomy":"product_brand","embeddable":true,"href":"https:\/\/avellanas.mercato.cr\/es\/wp-json\/wp\/v2\/product_brand?post=87206"},{"taxonomy":"product_cat","embeddable":true,"href":"https:\/\/avellanas.mercato.cr\/es\/wp-json\/wp\/v2\/product_cat?post=87206"},{"taxonomy":"product_tag","embeddable":true,"href":"https:\/\/avellanas.mercato.cr\/es\/wp-json\/wp\/v2\/product_tag?post=87206"}],"curies":[{"name":"wp","href":"https:\/\/api.w.org\/{rel}","templated":true}]}}