{"id":87196,"date":"2024-09-21T16:09:29","date_gmt":"2024-09-21T22:09:29","guid":{"rendered":"https:\/\/avellanas.mercato.cr\/tienda\/sin%20categor\u00eda\/hogaza-multigrano-congelado-unidad\/"},"modified":"2026-04-11T19:57:29","modified_gmt":"2026-04-12T01:57:29","slug":"hogaza-multigrano-congelado-unidad","status":"publish","type":"product","link":"https:\/\/avellanas.mercato.cr\/es\/bwlm-shop\/panaderia\/hogaza-multigrano-congelado-unidad\/","title":{"rendered":"Hogaza Multigrano Masa Madre (Sourdough) Rebanada &#8211; Congelada &#8211; u"},"content":{"rendered":"","protected":false},"excerpt":{"rendered":"<p>Hogaza de masa madre multigrano elaborada con fermentaci\u00f3n natural y granos reales, sin preservantes ni qu\u00edmicos innecesarios. Para garantizar su m\u00e1xima calidad, se maneja congelada, lo que te permite consumirla como pan fresco en cualquier momento. Pan de miga h\u00fameda, corteza firme y sabor profundo, m\u00e1s f\u00e1cil de digerir y hecho sin atajos.Pan como deber\u00eda ser: simple, vivo y bien hecho.<\/p>\n","protected":false},"featured_media":87198,"template":"","meta":[],"product_brand":[],"product_cat":[141],"product_tag":[],"class_list":{"0":"post-87196","1":"product","2":"type-product","3":"status-publish","4":"has-post-thumbnail","6":"product_cat-panaderia","7":"wc-prl-cat-141","9":"first","10":"instock","11":"taxable","12":"shipping-taxable","13":"purchasable","14":"product-type-simple"},"jetpack_sharing_enabled":true,"_links":{"self":[{"href":"https:\/\/avellanas.mercato.cr\/es\/wp-json\/wp\/v2\/product\/87196","targetHints":{"allow":["GET"]}}],"collection":[{"href":"https:\/\/avellanas.mercato.cr\/es\/wp-json\/wp\/v2\/product"}],"about":[{"href":"https:\/\/avellanas.mercato.cr\/es\/wp-json\/wp\/v2\/types\/product"}],"wp:featuredmedia":[{"embeddable":true,"href":"https:\/\/avellanas.mercato.cr\/es\/wp-json\/wp\/v2\/media\/87198"}],"wp:attachment":[{"href":"https:\/\/avellanas.mercato.cr\/es\/wp-json\/wp\/v2\/media?parent=87196"}],"wp:term":[{"taxonomy":"product_brand","embeddable":true,"href":"https:\/\/avellanas.mercato.cr\/es\/wp-json\/wp\/v2\/product_brand?post=87196"},{"taxonomy":"product_cat","embeddable":true,"href":"https:\/\/avellanas.mercato.cr\/es\/wp-json\/wp\/v2\/product_cat?post=87196"},{"taxonomy":"product_tag","embeddable":true,"href":"https:\/\/avellanas.mercato.cr\/es\/wp-json\/wp\/v2\/product_tag?post=87196"}],"curies":[{"name":"wp","href":"https:\/\/api.w.org\/{rel}","templated":true}]}}