{"id":82344,"date":"2024-06-17T16:17:44","date_gmt":"2024-06-17T22:17:44","guid":{"rendered":"https:\/\/avellanas.mercato.cr\/?post_type=product&#038;p=82344"},"modified":"2025-12-09T15:16:52","modified_gmt":"2025-12-09T21:16:52","slug":"turmeric-ginger-and-pepper-capsules-60-capsules","status":"publish","type":"product","link":"https:\/\/avellanas.mercato.cr\/es\/bwlm-shop\/especias\/turmeric-ginger-and-pepper-capsules-60-capsules\/","title":{"rendered":"C\u00farcuma Jengibre y Pimienta C\u00e1psulas 60 c\u00e1psulas"},"content":{"rendered":"","protected":false},"excerpt":{"rendered":"","protected":false},"featured_media":82343,"template":"","meta":[],"product_brand":[],"product_cat":[133],"product_tag":[237],"class_list":{"0":"post-82344","1":"product","2":"type-product","3":"status-publish","4":"has-post-thumbnail","6":"product_cat-especias","7":"product_tag-sin-preservantes","8":"wc-prl-cat-133","9":"wc-prl-tag-237","11":"first","12":"outofstock","13":"taxable","14":"shipping-taxable","15":"purchasable","16":"product-type-simple"},"jetpack_sharing_enabled":true,"_links":{"self":[{"href":"https:\/\/avellanas.mercato.cr\/es\/wp-json\/wp\/v2\/product\/82344","targetHints":{"allow":["GET"]}}],"collection":[{"href":"https:\/\/avellanas.mercato.cr\/es\/wp-json\/wp\/v2\/product"}],"about":[{"href":"https:\/\/avellanas.mercato.cr\/es\/wp-json\/wp\/v2\/types\/product"}],"wp:featuredmedia":[{"embeddable":true,"href":"https:\/\/avellanas.mercato.cr\/es\/wp-json\/wp\/v2\/media\/82343"}],"wp:attachment":[{"href":"https:\/\/avellanas.mercato.cr\/es\/wp-json\/wp\/v2\/media?parent=82344"}],"wp:term":[{"taxonomy":"product_brand","embeddable":true,"href":"https:\/\/avellanas.mercato.cr\/es\/wp-json\/wp\/v2\/product_brand?post=82344"},{"taxonomy":"product_cat","embeddable":true,"href":"https:\/\/avellanas.mercato.cr\/es\/wp-json\/wp\/v2\/product_cat?post=82344"},{"taxonomy":"product_tag","embeddable":true,"href":"https:\/\/avellanas.mercato.cr\/es\/wp-json\/wp\/v2\/product_tag?post=82344"}],"curies":[{"name":"wp","href":"https:\/\/api.w.org\/{rel}","templated":true}]}}