{"id":81996,"date":"2024-06-13T08:07:54","date_gmt":"2024-06-13T14:07:54","guid":{"rendered":"https:\/\/avellanas.mercato.cr\/?post_type=product&#038;p=81996"},"modified":"2026-03-25T14:10:55","modified_gmt":"2026-03-25T20:10:55","slug":"desodorante-natural-cipres-y-zacate-de-limon","status":"publish","type":"product","link":"https:\/\/avellanas.mercato.cr\/es\/bwlm-shop\/cuidado-personal\/desodorante-natural-cipres-y-zacate-de-limon\/","title":{"rendered":"Desodorante natural cipr\u00e9s y zacate de lim\u00f3n-Naturaleza M\u00edstica"},"content":{"rendered":"","protected":false},"excerpt":{"rendered":"","protected":false},"featured_media":116932,"template":"","meta":[],"product_brand":[],"product_cat":[663],"product_tag":[188,1026],"class_list":{"0":"post-81996","1":"product","2":"type-product","3":"status-publish","4":"has-post-thumbnail","6":"product_cat-cuidado-personal","7":"product_tag-artesanal","8":"product_tag-sin-parabenos","9":"wc-prl-cat-663","10":"wc-prl-tag-188-1026","12":"first","13":"outofstock","14":"taxable","15":"shipping-taxable","16":"purchasable","17":"product-type-simple"},"jetpack_sharing_enabled":true,"_links":{"self":[{"href":"https:\/\/avellanas.mercato.cr\/es\/wp-json\/wp\/v2\/product\/81996","targetHints":{"allow":["GET"]}}],"collection":[{"href":"https:\/\/avellanas.mercato.cr\/es\/wp-json\/wp\/v2\/product"}],"about":[{"href":"https:\/\/avellanas.mercato.cr\/es\/wp-json\/wp\/v2\/types\/product"}],"wp:featuredmedia":[{"embeddable":true,"href":"https:\/\/avellanas.mercato.cr\/es\/wp-json\/wp\/v2\/media\/116932"}],"wp:attachment":[{"href":"https:\/\/avellanas.mercato.cr\/es\/wp-json\/wp\/v2\/media?parent=81996"}],"wp:term":[{"taxonomy":"product_brand","embeddable":true,"href":"https:\/\/avellanas.mercato.cr\/es\/wp-json\/wp\/v2\/product_brand?post=81996"},{"taxonomy":"product_cat","embeddable":true,"href":"https:\/\/avellanas.mercato.cr\/es\/wp-json\/wp\/v2\/product_cat?post=81996"},{"taxonomy":"product_tag","embeddable":true,"href":"https:\/\/avellanas.mercato.cr\/es\/wp-json\/wp\/v2\/product_tag?post=81996"}],"curies":[{"name":"wp","href":"https:\/\/api.w.org\/{rel}","templated":true}]}}