{"id":81279,"date":"2024-06-11T10:02:46","date_gmt":"2024-06-11T16:02:46","guid":{"rendered":"https:\/\/avellanas.mercato.cr\/?post_type=product&#038;p=81279"},"modified":"2026-03-30T21:12:59","modified_gmt":"2026-03-31T03:12:59","slug":"huevo-pastoreo-15-unidades","status":"publish","type":"product","link":"https:\/\/avellanas.mercato.cr\/es\/bwlm-shop\/huevos-y-carnes\/huevo-pastoreo-15-unidades\/","title":{"rendered":"Huevo pastoreo (15 unidades)"},"content":{"rendered":"","protected":false},"excerpt":{"rendered":"<p>Huevos de gallinas criadas al aire libre, sin jaulas, con una dieta natural. Proceden de proyectos de Guanacaste, San Carlos y Zarcero que dan prioridad al bienestar animal y a la alimentaci\u00f3n local, sin antibi\u00f3ticos ni sustancias qu\u00edmicas nocivas.Huevos como deben ser: frescos, sabrosos y ricos en nutrientes.<\/p>\n","protected":false},"featured_media":81278,"template":"","meta":[],"product_cat":[137],"product_tag":[306,1034,1084,1083],"jetpack_sharing_enabled":true,"_links":{"self":[{"href":"https:\/\/avellanas.mercato.cr\/es\/wp-json\/wp\/v2\/product\/81279"}],"collection":[{"href":"https:\/\/avellanas.mercato.cr\/es\/wp-json\/wp\/v2\/product"}],"about":[{"href":"https:\/\/avellanas.mercato.cr\/es\/wp-json\/wp\/v2\/types\/product"}],"wp:featuredmedia":[{"embeddable":true,"href":"https:\/\/avellanas.mercato.cr\/es\/wp-json\/wp\/v2\/media\/81278"}],"wp:attachment":[{"href":"https:\/\/avellanas.mercato.cr\/es\/wp-json\/wp\/v2\/media?parent=81279"}],"wp:term":[{"taxonomy":"product_cat","embeddable":true,"href":"https:\/\/avellanas.mercato.cr\/es\/wp-json\/wp\/v2\/product_cat?post=81279"},{"taxonomy":"product_tag","embeddable":true,"href":"https:\/\/avellanas.mercato.cr\/es\/wp-json\/wp\/v2\/product_tag?post=81279"}],"curies":[{"name":"wp","href":"https:\/\/api.w.org\/{rel}","templated":true}]}}