{"id":75024,"date":"2024-03-03T10:33:36","date_gmt":"2024-03-03T16:33:36","guid":{"rendered":"https:\/\/mercato.cr\/tienda\/sin%20categor\u00eda\/yogi-te-organico-clasico-17u\/"},"modified":"2024-05-30T15:30:22","modified_gmt":"2024-05-30T21:30:22","slug":"yogi-te-organico-clasico-17u","status":"publish","type":"product","link":"https:\/\/avellanas.mercato.cr\/es\/bwlm-shop\/te-infusiones\/yogi-te-organico-clasico-17u\/","title":{"rendered":"Yogi t\u00e9 org\u00e1nico cl\u00e1sico-17u"},"content":{"rendered":"","protected":false},"excerpt":{"rendered":"","protected":false},"featured_media":75025,"template":"","meta":[],"product_brand":[],"product_cat":[131],"product_tag":[185],"class_list":{"0":"post-75024","1":"product","2":"type-product","3":"status-publish","4":"has-post-thumbnail","6":"product_cat-te-infusiones","7":"product_tag-organico","8":"wc-prl-cat-131","9":"wc-prl-tag-185","11":"first","12":"outofstock","13":"taxable","14":"shipping-taxable","15":"purchasable","16":"product-type-simple"},"jetpack_sharing_enabled":true,"_links":{"self":[{"href":"https:\/\/avellanas.mercato.cr\/es\/wp-json\/wp\/v2\/product\/75024","targetHints":{"allow":["GET"]}}],"collection":[{"href":"https:\/\/avellanas.mercato.cr\/es\/wp-json\/wp\/v2\/product"}],"about":[{"href":"https:\/\/avellanas.mercato.cr\/es\/wp-json\/wp\/v2\/types\/product"}],"wp:featuredmedia":[{"embeddable":true,"href":"https:\/\/avellanas.mercato.cr\/es\/wp-json\/wp\/v2\/media\/75025"}],"wp:attachment":[{"href":"https:\/\/avellanas.mercato.cr\/es\/wp-json\/wp\/v2\/media?parent=75024"}],"wp:term":[{"taxonomy":"product_brand","embeddable":true,"href":"https:\/\/avellanas.mercato.cr\/es\/wp-json\/wp\/v2\/product_brand?post=75024"},{"taxonomy":"product_cat","embeddable":true,"href":"https:\/\/avellanas.mercato.cr\/es\/wp-json\/wp\/v2\/product_cat?post=75024"},{"taxonomy":"product_tag","embeddable":true,"href":"https:\/\/avellanas.mercato.cr\/es\/wp-json\/wp\/v2\/product_tag?post=75024"}],"curies":[{"name":"wp","href":"https:\/\/api.w.org\/{rel}","templated":true}]}}