{"id":112769,"date":"2025-12-17T15:00:10","date_gmt":"2025-12-17T21:00:10","guid":{"rendered":"https:\/\/avellanas.mercato.cr\/bwlm-shop\/sin%20categor\u00eda\/kefir-lacteo-artesanal-finca-tierra-de-suenos\/"},"modified":"2026-03-14T17:49:24","modified_gmt":"2026-03-14T23:49:24","slug":"kefir-lacteo-artesanal-finca-tierra-de-suenos","status":"publish","type":"product","link":"https:\/\/avellanas.mercato.cr\/es\/bwlm-shop\/lacteos-y-quesos\/kefir-lacteo-artesanal-finca-tierra-de-suenos\/","title":{"rendered":"K\u00e9fir L\u00e1cteo Artesanal 500ml- Finca Tierra de Sue\u00f1os"},"content":{"rendered":"","protected":false},"excerpt":{"rendered":"","protected":false},"featured_media":112771,"template":"","meta":[],"product_brand":[],"product_cat":[138],"product_tag":[1856,1556],"class_list":{"0":"post-112769","1":"product","2":"type-product","3":"status-publish","4":"has-post-thumbnail","6":"product_cat-lacteos-y-quesos","7":"product_tag-100-artesanal","8":"product_tag-alto-en-probioticos-es","9":"wc-prl-cat-138","10":"wc-prl-tag-1856-1556","12":"first","13":"outofstock","14":"taxable","15":"shipping-taxable","16":"purchasable","17":"product-type-simple"},"jetpack_sharing_enabled":true,"_links":{"self":[{"href":"https:\/\/avellanas.mercato.cr\/es\/wp-json\/wp\/v2\/product\/112769","targetHints":{"allow":["GET"]}}],"collection":[{"href":"https:\/\/avellanas.mercato.cr\/es\/wp-json\/wp\/v2\/product"}],"about":[{"href":"https:\/\/avellanas.mercato.cr\/es\/wp-json\/wp\/v2\/types\/product"}],"wp:featuredmedia":[{"embeddable":true,"href":"https:\/\/avellanas.mercato.cr\/es\/wp-json\/wp\/v2\/media\/112771"}],"wp:attachment":[{"href":"https:\/\/avellanas.mercato.cr\/es\/wp-json\/wp\/v2\/media?parent=112769"}],"wp:term":[{"taxonomy":"product_brand","embeddable":true,"href":"https:\/\/avellanas.mercato.cr\/es\/wp-json\/wp\/v2\/product_brand?post=112769"},{"taxonomy":"product_cat","embeddable":true,"href":"https:\/\/avellanas.mercato.cr\/es\/wp-json\/wp\/v2\/product_cat?post=112769"},{"taxonomy":"product_tag","embeddable":true,"href":"https:\/\/avellanas.mercato.cr\/es\/wp-json\/wp\/v2\/product_tag?post=112769"}],"curies":[{"name":"wp","href":"https:\/\/api.w.org\/{rel}","templated":true}]}}