{"id":108994,"date":"2025-10-18T19:48:25","date_gmt":"2025-10-19T01:48:25","guid":{"rendered":"https:\/\/avellanas.mercato.cr\/?post_type=product&#038;p=108994"},"modified":"2025-12-06T21:13:55","modified_gmt":"2025-12-07T03:13:55","slug":"jabon-intimo-vega-belle-75g","status":"publish","type":"product","link":"https:\/\/avellanas.mercato.cr\/es\/bwlm-shop\/cuidado-personal\/jabon-intimo-vega-belle-75g\/","title":{"rendered":"Jab\u00f3n \u00cdntimo Vega Bell\u00e9 75g"},"content":{"rendered":"","protected":false},"excerpt":{"rendered":"","protected":false},"featured_media":108993,"template":"","meta":[],"product_brand":[],"product_cat":[663],"product_tag":[188],"class_list":{"0":"post-108994","1":"product","2":"type-product","3":"status-publish","4":"has-post-thumbnail","6":"product_cat-cuidado-personal","7":"product_tag-artesanal","8":"wc-prl-cat-663","9":"wc-prl-tag-188","11":"first","12":"outofstock","13":"taxable","14":"shipping-taxable","15":"purchasable","16":"product-type-simple"},"jetpack_sharing_enabled":true,"_links":{"self":[{"href":"https:\/\/avellanas.mercato.cr\/es\/wp-json\/wp\/v2\/product\/108994","targetHints":{"allow":["GET"]}}],"collection":[{"href":"https:\/\/avellanas.mercato.cr\/es\/wp-json\/wp\/v2\/product"}],"about":[{"href":"https:\/\/avellanas.mercato.cr\/es\/wp-json\/wp\/v2\/types\/product"}],"wp:featuredmedia":[{"embeddable":true,"href":"https:\/\/avellanas.mercato.cr\/es\/wp-json\/wp\/v2\/media\/108993"}],"wp:attachment":[{"href":"https:\/\/avellanas.mercato.cr\/es\/wp-json\/wp\/v2\/media?parent=108994"}],"wp:term":[{"taxonomy":"product_brand","embeddable":true,"href":"https:\/\/avellanas.mercato.cr\/es\/wp-json\/wp\/v2\/product_brand?post=108994"},{"taxonomy":"product_cat","embeddable":true,"href":"https:\/\/avellanas.mercato.cr\/es\/wp-json\/wp\/v2\/product_cat?post=108994"},{"taxonomy":"product_tag","embeddable":true,"href":"https:\/\/avellanas.mercato.cr\/es\/wp-json\/wp\/v2\/product_tag?post=108994"}],"curies":[{"name":"wp","href":"https:\/\/api.w.org\/{rel}","templated":true}]}}