{"id":9235,"date":"2021-09-02T00:09:48","date_gmt":"2021-09-02T06:09:48","guid":{"rendered":"https:\/\/mercato.cr\/?page_id=9235"},"modified":"2025-02-22T13:30:33","modified_gmt":"2025-02-22T19:30:33","slug":"bebidas-smoothies-y-helados","status":"publish","type":"page","link":"https:\/\/avellanas.mercato.cr\/es\/bebidas-smoothies-y-helados\/","title":{"rendered":"Bebidas, smoothies y helados"},"content":{"rendered":"<p>[vc_row][vc_column el_class=\u00bbmenu-container\u00bb offset=\u00bbvc_col-lg-3 vc_col-md-3&#8243;][vc_column_text]<div class=\"mercato-category-menu-list d-none d-lg-block\"><ul><\/ul><\/div><div class=\"mercato-category-menu-list-mobile d-lg-none\"><div class=\"mercato-category-menu-list-mobile-menu-header\"><div class=\"mercato-category-menu-list-mobile-menu-trigger\"><div class=\"trigger\"><\/div><\/div><div class=\"mercato-category-menu-list-mobile-submenu-trigger\"><div class=\"trigger\"><\/div><\/div><\/div><div class=\"mercato-category-menu-list-mobile-menu-overlay\"><\/div><div class=\"mercato-category-menu-list-mobile-menu-container\"><\/div><div class=\"mercato-category-menu-list-mobile-submenu-container\"><\/div><\/div>[\/vc_column_text][\/vc_column][vc_column el_class=\u00bbproducts-container\u00bb offset=\u00bbvc_col-lg-9 vc_col-md-9&#8243;][vc_column_text]<\/p>\n<h1>Bebidas, smoothies y helados<\/h1>\n<p>[\/vc_column_text][gsf_space desktop=\u00bb45&#8243; tablet=\u00bb35&#8243; tablet_portrait=\u00bb30&#8243; mobile_landscape=\u00bb25&#8243; mobile=\u00bb20&#8243;][vc_row_inner el_class=\u00bbproducts-category-container\u00bb el_id=\u00bbdestacados\u00bb][vc_column_inner][gsf_heading layout_style=\u00bbstyle-04&#8243; title_color=\u00bb#333333&#8243; title_font_size=\u00bb22&#8243; text_align=\u00bbtext-left\u00bb title=\u00bb#Destacados\u00bb][gsf_space desktop=\u00bb45&#8243; tablet=\u00bb35&#8243; tablet_portrait=\u00bb30&#8243; mobile_landscape=\u00bb25&#8243; mobile=\u00bb20&#8243;][gsf_products product_item_skin=\u00bbproduct-skin-04&#8243; show=\u00bbfeatured\u00bb category=\u00bbbebidas-fermentadas,helados-y-paletas,jugos-prensados,leches-vegetales,te-infusiones,cafe-sostenible,vinos-licores\u00bb products_per_page=\u00bb6&#8243; orderby=\u00bbsales\u00bb is_slider=\u00bbon\u00bb dots=\u00bbon\u00bb nav_style=\u00bbnav-icon\u00bb columns=\u00bb3&#8243; columns_md=\u00bb2&#8243; columns_sm=\u00bb2&#8243; columns_xs=\u00bb1&#8243; columns_mb=\u00bb1&#8243;][gsf_space desktop=\u00bb45&#8243; tablet=\u00bb35&#8243; tablet_portrait=\u00bb30&#8243; mobile_landscape=\u00bb25&#8243; mobile=\u00bb20&#8243;][\/vc_column_inner][\/vc_row_inner][vc_row_inner el_class=\u00bbproducts-category-container\u00bb el_id=\u00bbjugos\u00bb][vc_column_inner][gsf_heading layout_style=\u00bbstyle-06&#8243; title_color=\u00bb#333333&#8243; title_font_size=\u00bb28&#8243; text_align=\u00bbtext-left\u00bb title=\u00bbJugos naturales sin pesticidas\u00bb][vc_column_text]Cuando tenemos las mejores frutas y vegetales frescos del pa\u00eds, podemos crear combinaciones totalmente naturales, de pura fruta y vegetales, sin pesticidas, sin az\u00facar, sin preservantes, con todas sus propiedades, enzimas, nutrientes listos para consumir o preparar en su casa.[\/vc_column_text][gsf_space desktop=\u00bb35&#8243; tablet=\u00bb35&#8243; tablet_portrait=\u00bb30&#8243; mobile_landscape=\u00bb25&#8243; mobile=\u00bb20&#8243;][gsf_products category=\u00bbjugos-prensados\u00bb products_per_page=\u00bb100&#8243; orderby=\u00bbsales\u00bb columns=\u00bb4&#8243; columns_md=\u00bb3&#8243; columns_sm=\u00bb2&#8243; columns_xs=\u00bb1&#8243; columns_mb=\u00bb1&#8243;][\/vc_column_inner][\/vc_row_inner][vc_row_inner el_class=\u00bbproducts-category-container\u00bb el_id=\u00bbcafe-sostenible\u00bb][vc_column_inner][gsf_heading layout_style=\u00bbstyle-06&#8243; title_color=\u00bb#333333&#8243; title_font_size=\u00bb28&#8243; text_align=\u00bbtext-left\u00bb title=\u00bbCaf\u00e9 Sostenible\u00bb][vc_column_text]Somos aficionados al caf\u00e9 de especialidad. En esta secci\u00f3n encontrar\u00e1 una selecci\u00f3n de especialidades producidas de forma sostenible en las mejores zonas del pa\u00eds.[\/vc_column_text][gsf_space desktop=\u00bb35&#8243; tablet=\u00bb35&#8243; tablet_portrait=\u00bb30&#8243; mobile_landscape=\u00bb25&#8243; mobile=\u00bb20&#8243;][gsf_products category=\u00bbcafe-sostenible\u00bb products_per_page=\u00bb100&#8243; orderby=\u00bbsales\u00bb columns=\u00bb4&#8243; columns_md=\u00bb3&#8243; columns_sm=\u00bb2&#8243; columns_xs=\u00bb1&#8243; columns_mb=\u00bb1&#8243;][gsf_space desktop=\u00bb35&#8243; tablet=\u00bb35&#8243; tablet_portrait=\u00bb30&#8243; mobile_landscape=\u00bb25&#8243; mobile=\u00bb20&#8243;][\/vc_column_inner][\/vc_row_inner][vc_row_inner el_class=\u00bbproducts-category-container\u00bb el_id=\u00bbte-infusiones\u00bb][vc_column_inner][gsf_heading layout_style=\u00bbstyle-06&#8243; title_color=\u00bb#333333&#8243; title_font_size=\u00bb28&#8243; text_align=\u00bbtext-left\u00bb title=\u00bbT\u00e9 &amp; Infusiones\u00bb][gsf_space desktop=\u00bb35&#8243; tablet=\u00bb35&#8243; tablet_portrait=\u00bb30&#8243; mobile_landscape=\u00bb25&#8243; mobile=\u00bb20&#8243;][gsf_products category=\u00bbte-infusiones\u00bb products_per_page=\u00bb100&#8243; orderby=\u00bbprice\u00bb order=\u00bbASC\u00bb columns=\u00bb4&#8243; columns_md=\u00bb3&#8243; columns_sm=\u00bb2&#8243; columns_xs=\u00bb1&#8243; columns_mb=\u00bb1&#8243;][gsf_space desktop=\u00bb35&#8243; tablet=\u00bb35&#8243; tablet_portrait=\u00bb30&#8243; mobile_landscape=\u00bb25&#8243; mobile=\u00bb20&#8243;][\/vc_column_inner][\/vc_row_inner][vc_row_inner el_class=\u00bbproducts-category-container\u00bb el_id=\u00bbleches-vegetales\u00bb][vc_column_inner][gsf_heading layout_style=\u00bbstyle-06&#8243; title_color=\u00bb#333333&#8243; title_font_size=\u00bb28&#8243; text_align=\u00bbtext-left\u00bb title=\u00bbLeches vegetales\u00bb][gsf_space desktop=\u00bb35&#8243; tablet=\u00bb35&#8243; tablet_portrait=\u00bb30&#8243; mobile_landscape=\u00bb25&#8243; mobile=\u00bb20&#8243;][gsf_products category=\u00bbleches-vegetales\u00bb products_per_page=\u00bb100&#8243; orderby=\u00bbrand\u00bb order=\u00bbASC\u00bb columns=\u00bb4&#8243; columns_md=\u00bb3&#8243; columns_sm=\u00bb2&#8243; columns_xs=\u00bb1&#8243; columns_mb=\u00bb1&#8243; el_class=\u00bb\u00bb][gsf_space desktop=\u00bb35&#8243; tablet=\u00bb35&#8243; tablet_portrait=\u00bb30&#8243; mobile_landscape=\u00bb25&#8243; mobile=\u00bb20&#8243;][\/vc_column_inner][\/vc_row_inner][vc_row_inner el_class=\u00bbproducts-category-container\u00bb el_id=\u00bbbebidas-fermentadas\u00bb][vc_column_inner][gsf_heading layout_style=\u00bbstyle-06&#8243; title_color=\u00bb#333333&#8243; title_font_size=\u00bb28&#8243; text_align=\u00bbtext-left\u00bb title=\u00bbBebidas probi\u00f3ticas\u00bb][gsf_space desktop=\u00bb35&#8243; tablet=\u00bb35&#8243; tablet_portrait=\u00bb30&#8243; mobile_landscape=\u00bb25&#8243; mobile=\u00bb20&#8243;][gsf_products category=\u00bbbebidas-fermentadas\u00bb products_per_page=\u00bb100&#8243; orderby=\u00bbprice\u00bb columns=\u00bb4&#8243; columns_md=\u00bb3&#8243; columns_sm=\u00bb2&#8243; columns_xs=\u00bb1&#8243; columns_mb=\u00bb1&#8243;][gsf_space desktop=\u00bb35&#8243; tablet=\u00bb35&#8243; tablet_portrait=\u00bb30&#8243; mobile_landscape=\u00bb25&#8243; mobile=\u00bb20&#8243;][\/vc_column_inner][\/vc_row_inner][vc_row_inner el_class=\u00bbproducts-category-container\u00bb el_id=\u00bbvinos-licores\u00bb][vc_column_inner][gsf_heading layout_style=\u00bbstyle-06&#8243; title_color=\u00bb#333333&#8243; title_font_size=\u00bb28&#8243; text_align=\u00bbtext-left\u00bb title=\u00bbBebidas espirituosas\u00bb][gsf_space desktop=\u00bb35&#8243; tablet=\u00bb35&#8243; tablet_portrait=\u00bb30&#8243; mobile_landscape=\u00bb25&#8243; mobile=\u00bb20&#8243;][gsf_products category=\u00bbvinos-licores\u00bb products_per_page=\u00bb100&#8243; orderby=\u00bbprice\u00bb columns=\u00bb4&#8243; columns_md=\u00bb3&#8243; columns_sm=\u00bb2&#8243; columns_xs=\u00bb1&#8243; columns_mb=\u00bb1&#8243;][gsf_space desktop=\u00bb35&#8243; tablet=\u00bb35&#8243; tablet_portrait=\u00bb30&#8243; mobile_landscape=\u00bb25&#8243; mobile=\u00bb20&#8243;][\/vc_column_inner][\/vc_row_inner][vc_row_inner el_class=\u00bbproducts-category-container\u00bb el_id=\u00bbhelados\u00bb][vc_column_inner][gsf_heading layout_style=\u00bbstyle-06&#8243; title_color=\u00bb#333333&#8243; title_font_size=\u00bb28&#8243; text_align=\u00bbtext-left\u00bb title=\u00bbHelados artesanales (veganos y con leche)\u00bb][gsf_space desktop=\u00bb35&#8243; tablet=\u00bb35&#8243; tablet_portrait=\u00bb30&#8243; mobile_landscape=\u00bb25&#8243; mobile=\u00bb20&#8243;][gsf_products category=\u00bbhelados-y-paletas\u00bb products_per_page=\u00bb100&#8243; orderby=\u00bbsales\u00bb columns=\u00bb4&#8243; columns_md=\u00bb3&#8243; columns_sm=\u00bb2&#8243; columns_xs=\u00bb1&#8243; columns_mb=\u00bb1&#8243;][gsf_space desktop=\u00bb35&#8243; tablet=\u00bb35&#8243; tablet_portrait=\u00bb30&#8243; mobile_landscape=\u00bb25&#8243; mobile=\u00bb20&#8243;][\/vc_column_inner][\/vc_row_inner][\/vc_column][\/vc_row]<\/p>\n","protected":false},"excerpt":{"rendered":"<p>[vc_row][vc_column el_class=\u00bbmenu-container\u00bb offset=\u00bbvc_col-lg-3 vc_col-md-3&#8243;][vc_column_text][\/vc_column_text][\/vc_column][vc_column el_class=\u00bbproducts-container\u00bb offset=\u00bbvc_col-lg-9 vc_col-md-9&#8243;][vc_column_text] Bebidas, smoothies y helados [\/vc_column_text][gsf_space desktop=\u00bb45&#8243; tablet=\u00bb35&#8243; tablet_portrait=\u00bb30&#8243; mobile_landscape=\u00bb25&#8243; mobile=\u00bb20&#8243;][vc_row_inner el_class=\u00bbproducts-category-container\u00bb el_id=\u00bbdestacados\u00bb][vc_column_inner][gsf_heading layout_style=\u00bbstyle-04&#8243; title_color=\u00bb#333333&#8243; title_font_size=\u00bb22&#8243; text_align=\u00bbtext-left\u00bb title=\u00bb#Destacados\u00bb][gsf_space desktop=\u00bb45&#8243; tablet=\u00bb35&#8243; tablet_portrait=\u00bb30&#8243; mobile_landscape=\u00bb25&#8243; mobile=\u00bb20&#8243;][gsf_products product_item_skin=\u00bbproduct-skin-04&#8243; show=\u00bbfeatured\u00bb category=\u00bbbebidas-fermentadas,helados-y-paletas,jugos-prensados,leches-vegetales,te-infusiones,cafe-sostenible,vinos-licores\u00bb products_per_page=\u00bb6&#8243; orderby=\u00bbsales\u00bb is_slider=\u00bbon\u00bb dots=\u00bbon\u00bb nav_style=\u00bbnav-icon\u00bb columns=\u00bb3&#8243; columns_md=\u00bb2&#8243; columns_sm=\u00bb2&#8243; columns_xs=\u00bb1&#8243; columns_mb=\u00bb1&#8243;][gsf_space desktop=\u00bb45&#8243; tablet=\u00bb35&#8243; tablet_portrait=\u00bb30&#8243; mobile_landscape=\u00bb25&#8243; mobile=\u00bb20&#8243;][\/vc_column_inner][\/vc_row_inner][vc_row_inner el_class=\u00bbproducts-category-container\u00bb el_id=\u00bbjugos\u00bb][vc_column_inner][gsf_heading layout_style=\u00bbstyle-06&#8243; title_color=\u00bb#333333&#8243; title_font_size=\u00bb28&#8243; text_align=\u00bbtext-left\u00bb title=\u00bbJugos naturales [&hellip;]<\/p>\n","protected":false},"author":1,"featured_media":0,"parent":0,"menu_order":0,"comment_status":"closed","ping_status":"closed","template":"","meta":{"footnotes":""},"class_list":["post-9235","page","type-page","status-publish","hentry"],"jetpack_sharing_enabled":true,"_links":{"self":[{"href":"https:\/\/avellanas.mercato.cr\/es\/wp-json\/wp\/v2\/pages\/9235","targetHints":{"allow":["GET"]}}],"collection":[{"href":"https:\/\/avellanas.mercato.cr\/es\/wp-json\/wp\/v2\/pages"}],"about":[{"href":"https:\/\/avellanas.mercato.cr\/es\/wp-json\/wp\/v2\/types\/page"}],"author":[{"embeddable":true,"href":"https:\/\/avellanas.mercato.cr\/es\/wp-json\/wp\/v2\/users\/1"}],"replies":[{"embeddable":true,"href":"https:\/\/avellanas.mercato.cr\/es\/wp-json\/wp\/v2\/comments?post=9235"}],"version-history":[{"count":0,"href":"https:\/\/avellanas.mercato.cr\/es\/wp-json\/wp\/v2\/pages\/9235\/revisions"}],"wp:attachment":[{"href":"https:\/\/avellanas.mercato.cr\/es\/wp-json\/wp\/v2\/media?parent=9235"}],"curies":[{"name":"wp","href":"https:\/\/api.w.org\/{rel}","templated":true}]}}