{"id":8458,"date":"2021-06-21T23:12:44","date_gmt":"2021-06-22T05:12:44","guid":{"rendered":"https:\/\/mercato.cr\/?page_id=8458"},"modified":"2024-09-24T11:42:00","modified_gmt":"2024-09-24T17:42:00","slug":"carnes-de-pastoreo-y-pesca-responsable","status":"publish","type":"page","link":"https:\/\/avellanas.mercato.cr\/es\/carnes-de-pastoreo-y-pesca-responsable\/","title":{"rendered":"Carnes de pastoreo  y pesca responsable"},"content":{"rendered":"<p>[vc_row][vc_column el_class=\u00bbmenu-container\u00bb offset=\u00bbvc_col-lg-3 vc_col-md-3&#8243;][vc_column_text]<div class=\"mercato-category-menu-list d-none d-lg-block\"><ul><\/ul><\/div><div class=\"mercato-category-menu-list-mobile d-lg-none\"><div class=\"mercato-category-menu-list-mobile-menu-header\"><div class=\"mercato-category-menu-list-mobile-menu-trigger\"><div class=\"trigger\"><\/div><\/div><div class=\"mercato-category-menu-list-mobile-submenu-trigger\"><div class=\"trigger\"><\/div><\/div><\/div><div class=\"mercato-category-menu-list-mobile-menu-overlay\"><\/div><div class=\"mercato-category-menu-list-mobile-menu-container\"><\/div><div class=\"mercato-category-menu-list-mobile-submenu-container\"><\/div><\/div>[\/vc_column_text][\/vc_column][vc_column el_class=\u00bbproducts-container\u00bb offset=\u00bbvc_col-lg-9 vc_col-md-9&#8243;][vc_column_text]<\/p>\n<h1>Productos de granjas de pastoreo y pesca artesanal<\/h1>\n<p>[\/vc_column_text][gsf_space desktop=\u00bb45&#8243; tablet=\u00bb35&#8243; tablet_portrait=\u00bb30&#8243; mobile_landscape=\u00bb25&#8243; mobile=\u00bb20&#8243;][vc_row_inner el_class=\u00bbproducts-category-container\u00bb el_id=\u00bbdestacados\u00bb][vc_column_inner][gsf_heading layout_style=\u00bbstyle-04&#8243; title_color=\u00bb#333333&#8243; title_font_size=\u00bb22&#8243; text_align=\u00bbtext-left\u00bb title=\u00bb#Destacados\u00bb][gsf_space desktop=\u00bb45&#8243; tablet=\u00bb35&#8243; tablet_portrait=\u00bb30&#8243; mobile_landscape=\u00bb25&#8243; mobile=\u00bb20&#8243;][gsf_products product_item_skin=\u00bbproduct-skin-04&#8243; show=\u00bbfeatured\u00bb category=\u00bbhuevos-y-carnes,lacteos-y-quesos,pastoreo-y-pesca-responsable,carne-de-pastoreo,cerdo-de-pastoreo,mariscos\u00bb products_per_page=\u00bb6&#8243; orderby=\u00bbsales\u00bb is_slider=\u00bbon\u00bb dots=\u00bbon\u00bb nav_style=\u00bbnav-icon\u00bb columns=\u00bb3&#8243; columns_md=\u00bb2&#8243; columns_sm=\u00bb2&#8243; columns_xs=\u00bb1&#8243; columns_mb=\u00bb1&#8243; el_class=\u00bb\u00bb][gsf_space desktop=\u00bb45&#8243; tablet=\u00bb35&#8243; tablet_portrait=\u00bb30&#8243; mobile_landscape=\u00bb25&#8243; mobile=\u00bb20&#8243;][\/vc_column_inner][\/vc_row_inner][vc_row_inner el_class=\u00bbproducts-category-container\u00bb el_id=\u00bblacteos\u00bb][vc_column_inner][gsf_heading layout_style=\u00bbstyle-06&#8243; title_color=\u00bb#333333&#8243; title_font_size=\u00bb28&#8243; text_align=\u00bbtext-left\u00bb title=\u00bbL\u00e1cteos artesanales\u00bb][vc_column_text]L\u00e1cteos artesanales de calidad excepcional, seleccionados de fincas de producci\u00f3n responsable.[\/vc_column_text][gsf_space desktop=\u00bb35&#8243; tablet=\u00bb35&#8243; tablet_portrait=\u00bb30&#8243; mobile_landscape=\u00bb25&#8243; mobile=\u00bb20&#8243;][gsf_products category=\u00bblacteos-y-quesos,lacteos-y-quesos-2&#8243; products_per_page=\u00bb100&#8243; orderby=\u00bbsales\u00bb columns=\u00bb4&#8243; columns_md=\u00bb3&#8243; columns_sm=\u00bb2&#8243; columns_xs=\u00bb1&#8243; columns_mb=\u00bb1&#8243;][gsf_space desktop=\u00bb35&#8243; tablet=\u00bb35&#8243; tablet_portrait=\u00bb30&#8243; mobile_landscape=\u00bb25&#8243; mobile=\u00bb20&#8243;][\/vc_column_inner][\/vc_row_inner][vc_row_inner el_class=\u00bbproducts-category-container\u00bb el_id=\u00bbhuevos\u00bb][vc_column_inner][gsf_heading layout_style=\u00bbstyle-06&#8243; title_color=\u00bb#333333&#8243; title_font_size=\u00bb28&#8243; text_align=\u00bbtext-left\u00bb title=\u00bbHuevos y pollo de pastoreo\u00bb][vc_column_text]Huevos y pollo de animales que viven libres, con alimentaci\u00f3n natural, libres de hormonas ni antibi\u00f3ticos.[\/vc_column_text][gsf_space desktop=\u00bb35&#8243; tablet=\u00bb35&#8243; tablet_portrait=\u00bb30&#8243; mobile_landscape=\u00bb25&#8243; mobile=\u00bb20&#8243;][gsf_products category=\u00bbhuevos-y-carnes\u00bb products_per_page=\u00bb100&#8243; orderby=\u00bbsales\u00bb columns=\u00bb4&#8243; columns_md=\u00bb3&#8243; columns_sm=\u00bb2&#8243; columns_xs=\u00bb1&#8243; columns_mb=\u00bb1&#8243;][gsf_space desktop=\u00bb35&#8243; tablet=\u00bb35&#8243; tablet_portrait=\u00bb30&#8243; mobile_landscape=\u00bb25&#8243; mobile=\u00bb20&#8243;][\/vc_column_inner][\/vc_row_inner][vc_row_inner el_class=\u00bbproducts-category-container\u00bb el_id=\u00bbcarnes\u00bb][vc_column_inner][gsf_heading layout_style=\u00bbstyle-06&#8243; title_color=\u00bb#333333&#8243; title_font_size=\u00bb28&#8243; text_align=\u00bbtext-left\u00bb title=\u00bbRes de pastoreo\u00bb][vc_column_text]Carnes seleccionadas de granjas de producci\u00f3n responsable de res en pastoreo, libres de hormonas y antibi\u00f3ticos[\/vc_column_text][gsf_space desktop=\u00bb35&#8243; tablet=\u00bb35&#8243; tablet_portrait=\u00bb30&#8243; mobile_landscape=\u00bb25&#8243; mobile=\u00bb20&#8243;][gsf_products category=\u00bbcarne-de-pastoreo\u00bb products_per_page=\u00bb100&#8243; columns=\u00bb4&#8243; columns_md=\u00bb3&#8243; columns_sm=\u00bb2&#8243; columns_xs=\u00bb1&#8243; columns_mb=\u00bb1&#8243;][gsf_space desktop=\u00bb35&#8243; tablet=\u00bb35&#8243; tablet_portrait=\u00bb30&#8243; mobile_landscape=\u00bb25&#8243; mobile=\u00bb20&#8243;][\/vc_column_inner][\/vc_row_inner][vc_row_inner el_class=\u00bbproducts-category-container\u00bb el_id=\u00bbcerdo\u00bb][vc_column_inner][gsf_heading layout_style=\u00bbstyle-06&#8243; title_color=\u00bb#333333&#8243; title_font_size=\u00bb28&#8243; text_align=\u00bbtext-left\u00bb title=\u00bbCerdo de pastoreo\u00bb][vc_column_text]Carnes, charcuter\u00eda y embutidos seleccionadas de granjas de producci\u00f3n responsable de cerdo en pastoreo, libres de hormonas y antibi\u00f3ticos. Productos de alt\u00edsima calidad, libres de nitritos, almidones y saborizantes artificiales.[\/vc_column_text][gsf_space desktop=\u00bb35&#8243; tablet=\u00bb35&#8243; tablet_portrait=\u00bb30&#8243; mobile_landscape=\u00bb25&#8243; mobile=\u00bb20&#8243;][gsf_products category=\u00bbcerdo-de-pastoreo\u00bb products_per_page=\u00bb100&#8243; columns=\u00bb4&#8243; columns_md=\u00bb3&#8243; columns_sm=\u00bb2&#8243; columns_xs=\u00bb1&#8243; columns_mb=\u00bb1&#8243;][gsf_space desktop=\u00bb35&#8243; tablet=\u00bb35&#8243; tablet_portrait=\u00bb30&#8243; mobile_landscape=\u00bb25&#8243; mobile=\u00bb20&#8243;][\/vc_column_inner][\/vc_row_inner][vc_row_inner el_class=\u00bbproducts-category-container\u00bb el_id=\u00bbmariscos\u00bb][vc_column_inner][gsf_heading layout_style=\u00bbstyle-06&#8243; title_color=\u00bb#333333&#8243; title_font_size=\u00bb28&#8243; text_align=\u00bbtext-left\u00bb title=\u00bbPesca responsable\u00bb][vc_column_text]Una selecci\u00f3n de mariscos de pesca responsable directamente de los barcos pesqueros, camarones de cultivo org\u00e1nico certificado, trucha sostenible de nuestras monta\u00f1as.[\/vc_column_text][gsf_space desktop=\u00bb35&#8243; tablet=\u00bb35&#8243; tablet_portrait=\u00bb30&#8243; mobile_landscape=\u00bb25&#8243; mobile=\u00bb20&#8243;][gsf_products category=\u00bbmariscos-organicos-y-pesca-artesanal,responsible-fishing\u00bb products_per_page=\u00bb50&#8243; columns=\u00bb4&#8243; columns_md=\u00bb3&#8243; columns_sm=\u00bb2&#8243; columns_xs=\u00bb1&#8243; columns_mb=\u00bb1&#8243;][\/vc_column_inner][\/vc_row_inner][\/vc_column][\/vc_row]<\/p>\n","protected":false},"excerpt":{"rendered":"<p>[vc_row][vc_column el_class=\u00bbmenu-container\u00bb offset=\u00bbvc_col-lg-3 vc_col-md-3&#8243;][vc_column_text][\/vc_column_text][\/vc_column][vc_column el_class=\u00bbproducts-container\u00bb offset=\u00bbvc_col-lg-9 vc_col-md-9&#8243;][vc_column_text] Productos de granjas de pastoreo y pesca artesanal [\/vc_column_text][gsf_space desktop=\u00bb45&#8243; tablet=\u00bb35&#8243; tablet_portrait=\u00bb30&#8243; mobile_landscape=\u00bb25&#8243; mobile=\u00bb20&#8243;][vc_row_inner el_class=\u00bbproducts-category-container\u00bb el_id=\u00bbdestacados\u00bb][vc_column_inner][gsf_heading layout_style=\u00bbstyle-04&#8243; title_color=\u00bb#333333&#8243; title_font_size=\u00bb22&#8243; text_align=\u00bbtext-left\u00bb title=\u00bb#Destacados\u00bb][gsf_space desktop=\u00bb45&#8243; tablet=\u00bb35&#8243; tablet_portrait=\u00bb30&#8243; mobile_landscape=\u00bb25&#8243; mobile=\u00bb20&#8243;][gsf_products product_item_skin=\u00bbproduct-skin-04&#8243; show=\u00bbfeatured\u00bb category=\u00bbhuevos-y-carnes,lacteos-y-quesos,pastoreo-y-pesca-responsable,carne-de-pastoreo,cerdo-de-pastoreo,mariscos\u00bb products_per_page=\u00bb6&#8243; orderby=\u00bbsales\u00bb is_slider=\u00bbon\u00bb dots=\u00bbon\u00bb nav_style=\u00bbnav-icon\u00bb columns=\u00bb3&#8243; columns_md=\u00bb2&#8243; columns_sm=\u00bb2&#8243; columns_xs=\u00bb1&#8243; columns_mb=\u00bb1&#8243; el_class=\u00bb\u00bb][gsf_space desktop=\u00bb45&#8243; tablet=\u00bb35&#8243; tablet_portrait=\u00bb30&#8243; mobile_landscape=\u00bb25&#8243; mobile=\u00bb20&#8243;][\/vc_column_inner][\/vc_row_inner][vc_row_inner el_class=\u00bbproducts-category-container\u00bb el_id=\u00bblacteos\u00bb][vc_column_inner][gsf_heading layout_style=\u00bbstyle-06&#8243; [&hellip;]<\/p>\n","protected":false},"author":1,"featured_media":0,"parent":0,"menu_order":0,"comment_status":"closed","ping_status":"closed","template":"","meta":{"footnotes":""},"jetpack_sharing_enabled":true,"_links":{"self":[{"href":"https:\/\/avellanas.mercato.cr\/es\/wp-json\/wp\/v2\/pages\/8458"}],"collection":[{"href":"https:\/\/avellanas.mercato.cr\/es\/wp-json\/wp\/v2\/pages"}],"about":[{"href":"https:\/\/avellanas.mercato.cr\/es\/wp-json\/wp\/v2\/types\/page"}],"author":[{"embeddable":true,"href":"https:\/\/avellanas.mercato.cr\/es\/wp-json\/wp\/v2\/users\/1"}],"replies":[{"embeddable":true,"href":"https:\/\/avellanas.mercato.cr\/es\/wp-json\/wp\/v2\/comments?post=8458"}],"version-history":[{"count":0,"href":"https:\/\/avellanas.mercato.cr\/es\/wp-json\/wp\/v2\/pages\/8458\/revisions"}],"wp:attachment":[{"href":"https:\/\/avellanas.mercato.cr\/es\/wp-json\/wp\/v2\/media?parent=8458"}],"curies":[{"name":"wp","href":"https:\/\/api.w.org\/{rel}","templated":true}]}}