{"id":8416,"date":"2021-06-21T18:05:44","date_gmt":"2021-06-22T00:05:44","guid":{"rendered":"https:\/\/mercato.cr\/?page_id=8416"},"modified":"2026-01-07T00:55:34","modified_gmt":"2026-01-07T06:55:34","slug":"pedidos","status":"publish","type":"page","link":"https:\/\/avellanas.mercato.cr\/es\/pedidos\/","title":{"rendered":"Haga su pedido para ma\u00f1ana"},"content":{"rendered":"<p>[vc_row disable_element=\u00bbyes\u00bb][vc_column][gsf_heading layout_style=\u00bbstyle-02&#8243; title_color=\u00bb#333333&#8243; title_font_size=\u00bb32&#8243; text_align=\u00bbtext-left\u00bb title=\u00bbOfertas y novedades disponibles para pedir en l\u00ednea\u00bb][vc_column_text]Aqu\u00ed puede ver el resumen de las ofertas y novedades disponibles para pedir en l\u00ednea y recibirlo fresco en su casa.[\/vc_column_text][gsf_space desktop=\u00bb45&#8243; tablet=\u00bb35&#8243; tablet_portrait=\u00bb30&#8243; mobile_landscape=\u00bb25&#8243; mobile=\u00bb20&#8243;][\/vc_column][\/vc_row][vc_row disable_element=\u00bbyes\u00bb][vc_column width=\u00bb2\/3&#8243;][gsf_banner image=\u00bb10524&#8243;][\/gsf_banner][\/vc_column][vc_column width=\u00bb1\/3&#8243;][gsf_space desktop=\u00bb45&#8243; tablet=\u00bb35&#8243; tablet_portrait=\u00bb30&#8243; mobile_landscape=\u00bb25&#8243; mobile=\u00bb20&#8243;][gsf_heading layout_style=\u00bbstyle-02&#8243; title_color=\u00bb#333333&#8243; title_font_size=\u00bb24&#8243; title=\u00bbHasta 20% de descuento\u00bb][gsf_space desktop=\u00bb25&#8243; tablet=\u00bb25&#8243; tablet_portrait=\u00bb25&#8243; mobile_landscape=\u00bb25&#8243; mobile=\u00bb20&#8243;][vc_column_text]<\/p>\n<p style=\"text-align: center;\">No somos aficionados al consumismo, creemos que es una de las razones por las cuales tenemos al planeta al borde del colapso ambiental. Pero s\u00ed nos gustan las din\u00e1micas, y en este caso, queremos aprovechar la ocasi\u00f3n para promover el consumo de productos m\u00e1s saludables, producidos en ambientes libres de pesticidas, donde se regenera el suelo, los ecosistemas, el aire y el agua. Donde se promueve el desarrollo humano local, y se incentiva la conexi\u00f3n humana a trav\u00e9s de los alimentos, para reunirnos a redescubrir ingredientes frescos y saludables en la cocina, con nuestras personas m\u00e1s queridas.<\/p>\n<p>[\/vc_column_text][gsf_button title=\u00bbVegetales y frutas -20%\u00bb align=\u00bbcenter\u00bb link=\u00bburl:https%3A%2F%2Fmercato.cr%2Fvegetales-frutas-verduras-organicas-adomicilio%2F%23promos|title:Carnes%20de%20pastoreo||\u00bb][\/vc_column][\/vc_row][vc_row disable_element=\u00bbyes\u00bb][vc_column][gsf_space desktop=\u00bb60&#8243; tablet=\u00bb35&#8243; tablet_portrait=\u00bb30&#8243; mobile_landscape=\u00bb25&#8243; mobile=\u00bb20&#8243;][gsf_heading layout_style=\u00bbstyle-06&#8243; title_color=\u00bb#333333&#8243; title_font_size=\u00bb28&#8243; text_align=\u00bbtext-left\u00bb title=\u00bbIdeas de regalos para mam\u00e1\u00bb][gsf_heading layout_style=\u00bbstyle-02&#8243; title_color=\u00bb#666666&#8243; title_font_size=\u00bb16&#8243; text_align=\u00bbtext-left\u00bb title=\u00bbRegale experiencias para compartir\u00bb][gsf_space desktop=\u00bb35&#8243; tablet=\u00bb35&#8243; tablet_portrait=\u00bb30&#8243; mobile_landscape=\u00bb25&#8243; mobile=\u00bb20&#8243;][gsf_products show=\u00bbproducts\u00bb columns=\u00bb4&#8243; columns_md=\u00bb3&#8243; columns_sm=\u00bb2&#8243; columns_xs=\u00bb1&#8243; columns_mb=\u00bb1&#8243; product_ids=\u00bb14108, 14086, 15012, 10469, 10483, 12867, 12863, 12865, 14115, 11961, 15043, 8701&#8243;][gsf_space desktop=\u00bb35&#8243; tablet=\u00bb35&#8243; tablet_portrait=\u00bb30&#8243; mobile_landscape=\u00bb25&#8243; mobile=\u00bb20&#8243;][\/vc_column][\/vc_row][vc_row disable_element=\u00bbyes\u00bb][vc_column][gsf_space desktop=\u00bb60&#8243; tablet=\u00bb35&#8243; tablet_portrait=\u00bb30&#8243; mobile_landscape=\u00bb25&#8243; mobile=\u00bb20&#8243;][gsf_heading layout_style=\u00bbstyle-06&#8243; title_color=\u00bb#333333&#8243; title_font_size=\u00bb28&#8243; text_align=\u00bbtext-left\u00bb title=\u00bbEsta navidad, \u00a1regale experiencias!\u00bb][gsf_heading layout_style=\u00bbstyle-02&#8243; title_color=\u00bb#666666&#8243; title_font_size=\u00bb16&#8243; text_align=\u00bbtext-left\u00bb title=\u00bbAlgunos destacados de nuestra nueva secci\u00f3n navide\u00f1a\u00bb][gsf_space desktop=\u00bb35&#8243; tablet=\u00bb35&#8243; tablet_portrait=\u00bb30&#8243; mobile_landscape=\u00bb25&#8243; mobile=\u00bb20&#8243;][gsf_products category=\u00bbregalos-navidad\u00bb products_per_page=\u00bb16&#8243; orderby=\u00bbsales\u00bb columns=\u00bb4&#8243; columns_md=\u00bb3&#8243; columns_sm=\u00bb2&#8243; columns_xs=\u00bb1&#8243; columns_mb=\u00bb1&#8243;][gsf_space desktop=\u00bb35&#8243; tablet=\u00bb35&#8243; tablet_portrait=\u00bb30&#8243; mobile_landscape=\u00bb25&#8243; mobile=\u00bb20&#8243;][vc_column_text]<\/p>\n<p style=\"text-align: center;\"><a class=\"btn btn-primary btn-classic btn-rounded btn-sm\" title=\"Tienda\" href=\"https:\/\/mercato.cr\/navidad\/\">Ver todos<\/a><\/p>\n<p>[\/vc_column_text][\/vc_column][\/vc_row][vc_row][vc_column][vc_column_text]<\/p>\n<blockquote>\n<p class=\"gsf-padding-2-2\" style=\"text-align: center;\"><strong>Estimados clientes y amigos:<\/strong><\/p>\n<p data-start=\"971\" data-end=\"1043\">Desde esta semana contamos con <strong data-start=\"1002\" data-end=\"1042\">dos entregas semanales en Guanacaste<\/strong>.<\/p>\n<p data-start=\"1164\" data-end=\"1330\">Corte lunes 1pm: entrega <strong data-start=\"1174\" data-end=\"1193\">martes y mi\u00e9rcoles.<br \/>\nCorte mi\u00e9rcoles 1pm: entrega jueves y viernes<\/strong><\/p>\n<p data-start=\"1164\" data-end=\"1330\"><strong data-start=\"1174\" data-end=\"1193\">Martes y jueves<\/strong> a Liberia y Pen\u00ednsula Papagayo, Avellanas, Playa Negra y Junquillal.<br data-start=\"1262\" data-end=\"1265\" \/><strong data-start=\"1265\" data-end=\"1288\">Mi\u00e9rcoles y viernes<\/strong> a Tamarindo, Potrero, Flamingo y Conchal.<\/p>\n<hr data-start=\"1332\" data-end=\"1335\" \/>\n<\/blockquote>\n<p>[\/vc_column_text][gsf_heading layout_style=\u00bbstyle-04&#8243; title_color=\u00bb#333333&#8243; title_font_size=\u00bb28&#8243; text_align=\u00bbtext-left\u00bb title=\u00bbHac\u00e9 tu pedido para entrega en Guanacaste\u00bb][gsf_space desktop=\u00bb10&#8243; tablet=\u00bb10&#8243; tablet_portrait=\u00bb10&#8243; mobile_landscape=\u00bb10&#8243; mobile=\u00bb10&#8243;][vc_column_text]Entregamos alimentos frescos y de producci\u00f3n sostenible en las principales zonas<strong> Tamarindo, Avellanas, Potrero, Flamingo, Catalinas, El Coco, Hermosa, Papagayo y Liberia.<br \/>\n<\/strong><\/p>\n<p>Vive en el GAM (Gran \u00c1rea Metropolitana)? <a href=\"https:\/\/mercato.cr\">Haga su pedido aqu\u00ed.<\/a>[\/vc_column_text][gsf_space desktop=\u00bb60&#8243; tablet=\u00bb35&#8243; tablet_portrait=\u00bb30&#8243; mobile_landscape=\u00bb25&#8243; mobile=\u00bb20&#8243;][gsf_heading layout_style=\u00bbstyle-06&#8243; title_color=\u00bb#333333&#8243; title_font_size=\u00bb28&#8243; text_align=\u00bbtext-left\u00bb title=\u00bbVegetales y frutas frescas org\u00e1nicos y libres de pesticidas\u00bb][gsf_heading layout_style=\u00bbstyle-02&#8243; title_color=\u00bb#666666&#8243; title_font_size=\u00bb16&#8243; text_align=\u00bbtext-left\u00bb title=\u00bbOfertas y novedades\u00bb][gsf_space desktop=\u00bb35&#8243; tablet=\u00bb35&#8243; tablet_portrait=\u00bb30&#8243; mobile_landscape=\u00bb25&#8243; mobile=\u00bb20&#8243;][gsf_products show=\u00bbfeatured\u00bb category=\u00bbfrescos\u00bb products_per_page=\u00bb100&#8243; orderby=\u00bbsales\u00bb columns=\u00bb4&#8243; columns_md=\u00bb3&#8243; columns_sm=\u00bb2&#8243; columns_xs=\u00bb1&#8243; columns_mb=\u00bb1&#8243;][vc_column_text]<\/p>\n<p style=\"text-align: center;\"><a class=\"btn btn-primary btn-classic btn-rounded btn-sm\" title=\"Tienda\" href=\"https:\/\/avellanas.mercato.cr\/vegetales-frutas-verduras-organicas-adomicilio\/\">Ver todos los vegetales y frutas<\/a><\/p>\n<p>[\/vc_column_text][\/vc_column][vc_column][\/vc_column][\/vc_row][vc_row][vc_column][gsf_space desktop=\u00bb60&#8243; tablet=\u00bb35&#8243; tablet_portrait=\u00bb30&#8243; mobile_landscape=\u00bb25&#8243; mobile=\u00bb20&#8243;][gsf_heading layout_style=\u00bbstyle-06&#8243; title_color=\u00bb#333333&#8243; title_font_size=\u00bb28&#8243; text_align=\u00bbtext-left\u00bb title=\u00bbAlimentos preparados artesanalmente\u00bb][gsf_heading layout_style=\u00bbstyle-02&#8243; title_color=\u00bb#666666&#8243; title_font_size=\u00bb16&#8243; text_align=\u00bbtext-left\u00bb title=\u00bbOfertas y novedades\u00bb][gsf_space desktop=\u00bb35&#8243; tablet=\u00bb35&#8243; tablet_portrait=\u00bb30&#8243; mobile_landscape=\u00bb25&#8243; mobile=\u00bb20&#8243;][gsf_products show=\u00bbfeatured\u00bb category=\u00bbcomplementos,miel-mermeladas-y-dulces,granos-leguminosas-y-harinas,chocolate,bebidas-fermentadas,especias,aderezos-aceites-y-vinagres,te-infusiones,vinos-licores,jugos-prensados,cafe-sostenible,snacks,panaderia,comida-casera\u00bb products_per_page=\u00bb100&#8243; orderby=\u00bbrand\u00bb columns=\u00bb4&#8243; columns_md=\u00bb3&#8243; columns_sm=\u00bb2&#8243; columns_xs=\u00bb1&#8243; columns_mb=\u00bb1&#8243; el_class=\u00bb\u00bb][gsf_space desktop=\u00bb35&#8243; tablet=\u00bb35&#8243; tablet_portrait=\u00bb30&#8243; mobile_landscape=\u00bb25&#8243; mobile=\u00bb20&#8243;][vc_column_text]<\/p>\n<p style=\"text-align: center;\"><a class=\"btn btn-primary btn-classic btn-rounded btn-sm\" title=\"Tienda\" href=\"https:\/\/avellanas.mercato.cr\/alimentos-artesanales-adomicilio\/\">Ver todos los productos artesanales<\/a><\/p>\n<p>[\/vc_column_text][\/vc_column][\/vc_row][vc_row][vc_column][gsf_space desktop=\u00bb60&#8243; tablet=\u00bb35&#8243; tablet_portrait=\u00bb30&#8243; mobile_landscape=\u00bb25&#8243; mobile=\u00bb20&#8243;][gsf_heading layout_style=\u00bbstyle-06&#8243; title_color=\u00bb#333333&#8243; title_font_size=\u00bb28&#8243; text_align=\u00bbtext-left\u00bb title=\u00bbL\u00e1cteos y huevos de pastoreo\u00bb][gsf_heading layout_style=\u00bbstyle-02&#8243; title_color=\u00bb#666666&#8243; title_font_size=\u00bb16&#8243; text_align=\u00bbtext-left\u00bb title=\u00bbOfertas y novedades\u00bb][gsf_space desktop=\u00bb35&#8243; tablet=\u00bb35&#8243; tablet_portrait=\u00bb30&#8243; mobile_landscape=\u00bb25&#8243; mobile=\u00bb20&#8243;][gsf_products show=\u00bbfeatured\u00bb category=\u00bbalimento-para-mascotas,carne-de-pastoreo,cerdo-de-pastoreo,mariscos-organicos-y-pesca-artesanal-es,mariscos,huevos-y-carnes\u00bb products_per_page=\u00bb100&#8243; orderby=\u00bbsales\u00bb columns=\u00bb4&#8243; columns_md=\u00bb3&#8243; columns_sm=\u00bb2&#8243; columns_xs=\u00bb1&#8243; columns_mb=\u00bb1&#8243;][gsf_space desktop=\u00bb35&#8243; tablet=\u00bb35&#8243; tablet_portrait=\u00bb30&#8243; mobile_landscape=\u00bb25&#8243; mobile=\u00bb20&#8243;][vc_column_text]<\/p>\n<p style=\"text-align: center;\"><a class=\"btn btn-primary btn-classic btn-rounded btn-sm\" title=\"Tienda\" href=\"https:\/\/avellanas.mercato.cr\/carnes-de-pastoreo-y-pesca-responsable\/\">Ver todos los productos de pastoreo y granjas sostenibles<\/a><\/p>\n<p>[\/vc_column_text][\/vc_column][\/vc_row]<\/p>\n","protected":false},"excerpt":{"rendered":"<p>[vc_row disable_element=\u00bbyes\u00bb][vc_column][gsf_heading layout_style=\u00bbstyle-02&#8243; title_color=\u00bb#333333&#8243; title_font_size=\u00bb32&#8243; text_align=\u00bbtext-left\u00bb title=\u00bbOfertas y novedades disponibles para pedir en l\u00ednea\u00bb][vc_column_text]Aqu\u00ed puede ver el resumen de las ofertas y novedades disponibles para pedir en l\u00ednea y recibirlo fresco en su casa.[\/vc_column_text][gsf_space desktop=\u00bb45&#8243; tablet=\u00bb35&#8243; tablet_portrait=\u00bb30&#8243; mobile_landscape=\u00bb25&#8243; mobile=\u00bb20&#8243;][\/vc_column][\/vc_row][vc_row disable_element=\u00bbyes\u00bb][vc_column width=\u00bb2\/3&#8243;][gsf_banner image=\u00bb10524&#8243;][\/gsf_banner][\/vc_column][vc_column width=\u00bb1\/3&#8243;][gsf_space desktop=\u00bb45&#8243; tablet=\u00bb35&#8243; tablet_portrait=\u00bb30&#8243; mobile_landscape=\u00bb25&#8243; mobile=\u00bb20&#8243;][gsf_heading layout_style=\u00bbstyle-02&#8243; title_color=\u00bb#333333&#8243; title_font_size=\u00bb24&#8243; title=\u00bbHasta 20% de descuento\u00bb][gsf_space [&hellip;]<\/p>\n","protected":false},"author":1,"featured_media":0,"parent":0,"menu_order":0,"comment_status":"closed","ping_status":"closed","template":"","meta":{"footnotes":""},"jetpack_sharing_enabled":true,"_links":{"self":[{"href":"https:\/\/avellanas.mercato.cr\/es\/wp-json\/wp\/v2\/pages\/8416"}],"collection":[{"href":"https:\/\/avellanas.mercato.cr\/es\/wp-json\/wp\/v2\/pages"}],"about":[{"href":"https:\/\/avellanas.mercato.cr\/es\/wp-json\/wp\/v2\/types\/page"}],"author":[{"embeddable":true,"href":"https:\/\/avellanas.mercato.cr\/es\/wp-json\/wp\/v2\/users\/1"}],"replies":[{"embeddable":true,"href":"https:\/\/avellanas.mercato.cr\/es\/wp-json\/wp\/v2\/comments?post=8416"}],"version-history":[{"count":0,"href":"https:\/\/avellanas.mercato.cr\/es\/wp-json\/wp\/v2\/pages\/8416\/revisions"}],"wp:attachment":[{"href":"https:\/\/avellanas.mercato.cr\/es\/wp-json\/wp\/v2\/media?parent=8416"}],"curies":[{"name":"wp","href":"https:\/\/api.w.org\/{rel}","templated":true}]}}