{"id":82913,"date":"2024-06-22T14:37:33","date_gmt":"2024-06-22T20:37:33","guid":{"rendered":"https:\/\/avellanas.mercato.cr\/holamercato\/"},"modified":"2024-06-23T16:00:19","modified_gmt":"2024-06-23T22:00:19","slug":"holamercato","status":"publish","type":"page","link":"https:\/\/avellanas.mercato.cr\/es\/holamercato\/","title":{"rendered":"HolaMercato"},"content":{"rendered":"<p>[vc_row][vc_column][gsf_heading layout_style=\u00bbstyle-02&#8243; title_color=\u00bb#333333&#8243; title_font_size=\u00bb34&#8243; el_class=\u00bb\u00bb title=\u00bbEl alimento m\u00e1s sostenible de Costa Rica\u00bb][gsf_space desktop=\u00bb30&#8243; tablet=\u00bb15&#8243; tablet_portrait=\u00bb15&#8243; mobile_landscape=\u00bb10&#8243; mobile=\u00bb10&#8243;][gsf_heading layout_style=\u00bbstyle-04&#8243; title_color=\u00bb#333333&#8243; title_font_size=\u00bb22&#8243; el_class=\u00bb\u00bb title=\u00bbEntregado en su casa en Guanacaste\u00bb][gsf_space desktop=\u00bb30&#8243; tablet=\u00bb15&#8243; tablet_portrait=\u00bb15&#8243; mobile_landscape=\u00bb10&#8243; mobile=\u00bb10&#8243;][vc_column_text]<\/p>\n<p class=\"gsf-padding-3-3\" style=\"text-align: center;\">Si busc\u00e1s la mejor fuente de <strong>alimentos frescos, sin pesticidas y sostenibles en Guanacaste<\/strong>, est\u00e1s <strong>comprometido con tu salud y el ambiente<\/strong>, y quer\u00e9s disfrutar de c<strong>omida deliciosa y fresca cada semana<\/strong>, este es el lugar para vos.<\/p>\n<p>[\/vc_column_text][vc_video link=\u00bbhttps:\/\/youtu.be\/ri5nDAzPLZY?si=iVrGaNg1rOAHrB6T\u00bb align=\u00bbcenter\u00bb][gsf_space desktop=\u00bb30&#8243; tablet=\u00bb15&#8243; tablet_portrait=\u00bb15&#8243; mobile_landscape=\u00bb10&#8243; mobile=\u00bb10&#8243;][vc_column_text]<\/p>\n<p class=\"gsf-padding-3-3\" style=\"text-align: center;\">Te entregamos <strong> alimentos frescos, org\u00e1nicos y sin pesticidas<\/strong>, junto con <strong>huevos y carnes de pastoreo<\/strong>, <strong>panes de masa madre<\/strong> y alimentos alternativos no comerciales, provenientes de las <strong>granjas y artesanos de alimentos<\/strong> m\u00e1s <strong>sostenibles de Costa Rica<\/strong>.<\/p>\n<p class=\"gsf-padding-3-3\" style=\"text-align: center;\">Las <strong>entregas se hacen en la puerta de tu casa en Guanacaste<\/strong> dos veces por semana: mi\u00e9rcoles-jueves y viernes-s\u00e1bado.<\/p>\n<p class=\"gsf-padding-3-3\" style=\"text-align: center;\">Nuestro servicio se extiende a la Pen\u00ednsula de Papagayo, Liberia, El Coco, Hermosa, Las Catalinas, Flamingo, Potrero, Conchal, Playa Grande, Playa Tamarindo, Playa Avellanas y Playa Negra.<\/p>\n<p class=\"gsf-padding-3-3\" style=\"text-align: center;\">Hac\u00e9 tu pedido ahora para recibir tus delicias frescas en la puerta de tu casa durante nuestra pr\u00f3xima entrega.<\/p>\n<p>[\/vc_column_text][gsf_button title=\u00bbPlace your first order\u00bb align=\u00bbcenter\u00bb link=\u00bburl:https%3A%2F%2Favellanas.mercato.cr%2Fes%2Fpedidos%2F|title:Place%20your%20order|target:%20_blank|\u00bb][gsf_space desktop=\u00bb30&#8243; tablet=\u00bb15&#8243; tablet_portrait=\u00bb15&#8243; mobile_landscape=\u00bb10&#8243; mobile=\u00bb10&#8243;][vc_btn title=\u00bbSuscribite y recib\u00ed informaci\u00f3n.\u00bb color=\u00bbsuccess\u00bb align=\u00bbcenter\u00bb link=\u00bburl:https%3A%2F%2Fdocs.google.com%2Fforms%2Fd%2Fe%2F1FAIpQLSeMmmBL_dbA98M7BHqxo0s2hILFuu1DYiJW83HySBdzQx-a4A%2Fviewform|title:Subscribirte|target:%20_blank|\u00bb][gsf_space desktop=\u00bb30&#8243; tablet=\u00bb15&#8243; tablet_portrait=\u00bb15&#8243; mobile_landscape=\u00bb10&#8243; mobile=\u00bb10&#8243;][vc_column_text]<\/p>\n<h4 class=\"gsf-padding-3-3\" style=\"text-align: center;\"><strong>\u00bfQuer\u00e9s m\u00e1s informaci\u00f3n?<\/strong><\/h4>\n<p style=\"text-align: center;\">Dejanos mostrarte nuestro prop\u00f3sito y c\u00f3mo elegimos nuestros productos.<\/p>\n<p>[\/vc_column_text][vc_btn title=\u00bbNuestro prop\u00f3sito\u00bb align=\u00bbcenter\u00bb link=\u00bburl:https%3A%2F%2Favellanas.mercato.cr%2Fes%2Fproposito%2F|target:%20_blank|\u00bb][\/vc_column][\/vc_row]<\/p>\n","protected":false},"excerpt":{"rendered":"<p>[vc_row][vc_column][gsf_heading layout_style=\u00bbstyle-02&#8243; title_color=\u00bb#333333&#8243; title_font_size=\u00bb34&#8243; el_class=\u00bb\u00bb title=\u00bbEl alimento m\u00e1s sostenible de Costa Rica\u00bb][gsf_space desktop=\u00bb30&#8243; tablet=\u00bb15&#8243; tablet_portrait=\u00bb15&#8243; mobile_landscape=\u00bb10&#8243; mobile=\u00bb10&#8243;][gsf_heading layout_style=\u00bbstyle-04&#8243; title_color=\u00bb#333333&#8243; title_font_size=\u00bb22&#8243; el_class=\u00bb\u00bb title=\u00bbEntregado en su casa en Guanacaste\u00bb][gsf_space desktop=\u00bb30&#8243; tablet=\u00bb15&#8243; tablet_portrait=\u00bb15&#8243; mobile_landscape=\u00bb10&#8243; mobile=\u00bb10&#8243;][vc_column_text] Si busc\u00e1s la mejor fuente de alimentos frescos, sin pesticidas y sostenibles en Guanacaste, est\u00e1s comprometido con tu salud y el ambiente, y [&hellip;]<\/p>\n","protected":false},"author":2072,"featured_media":0,"parent":0,"menu_order":0,"comment_status":"closed","ping_status":"closed","template":"","meta":{"footnotes":""},"class_list":["post-82913","page","type-page","status-publish","hentry"],"jetpack_sharing_enabled":true,"_links":{"self":[{"href":"https:\/\/avellanas.mercato.cr\/es\/wp-json\/wp\/v2\/pages\/82913","targetHints":{"allow":["GET"]}}],"collection":[{"href":"https:\/\/avellanas.mercato.cr\/es\/wp-json\/wp\/v2\/pages"}],"about":[{"href":"https:\/\/avellanas.mercato.cr\/es\/wp-json\/wp\/v2\/types\/page"}],"author":[{"embeddable":true,"href":"https:\/\/avellanas.mercato.cr\/es\/wp-json\/wp\/v2\/users\/2072"}],"replies":[{"embeddable":true,"href":"https:\/\/avellanas.mercato.cr\/es\/wp-json\/wp\/v2\/comments?post=82913"}],"version-history":[{"count":0,"href":"https:\/\/avellanas.mercato.cr\/es\/wp-json\/wp\/v2\/pages\/82913\/revisions"}],"wp:attachment":[{"href":"https:\/\/avellanas.mercato.cr\/es\/wp-json\/wp\/v2\/media?parent=82913"}],"curies":[{"name":"wp","href":"https:\/\/api.w.org\/{rel}","templated":true}]}}