{"id":6567,"date":"2021-02-18T00:51:23","date_gmt":"2021-02-18T06:51:23","guid":{"rendered":"https:\/\/mercato.cr\/lista-de-articulos-deseados\/"},"modified":"2021-04-18T12:09:04","modified_gmt":"2021-04-18T18:09:04","slug":"favoritos","status":"publish","type":"page","link":"https:\/\/avellanas.mercato.cr\/es\/favoritos\/","title":{"rendered":"Mis Favoritos"},"content":{"rendered":"<p>Aqu\u00ed puede guardar sus productos preferidos para solicitarlos r\u00e1pidamente la pr\u00f3xima vez.<\/p>\n\n\n<div class=\"alg-wc-wl-view-table-container \">\n    <i class=\"ajax-loading-icon fa fa-refresh fa-spin fa-3x\"><\/i>\n\t<style type=\"text\/css\" scoped>\n\t\t.added_to_cart.wc-forward{\n\t\t\tdisplay:none;\n\t\t}\n        .ajax-loading{\n            position:relative;\n        }\n        .ajax-loading:before{\n            background:#fff;\n            width:100%;\n            height:100%;\n            position:absolute;\n            left:0;\n            top:0;\n            opacity:0.5;\n            content:' ';\n            display:block;\n            z-index:999;\n        }\n        .alg-wc-wl-view-table-container .ajax-loading-icon{\n            display:none;\n        }\n        .ajax-loading .ajax-loading-icon{\n            display:block;\n            left:50%;\n            margin-left:-20px;\n            margin-top:-5px;\n            top:50%;\n            position:absolute;\n            z-index:9999;\n        }\n\t<\/style>\n\n\n\t<div class=\"alg-wc-wl-empty-wishlist\"\n\t     style=\"display:block\">\n\t\tNo hay productos en la lista. Puede agregar los productos que desee para pedirlos m\u00e1s r\u00e1pido la pr\u00f3xima vez.\t<\/div>\n<\/div>\n","protected":false},"excerpt":{"rendered":"<p>Aqu\u00ed puede guardar sus productos preferidos para solicitarlos r\u00e1pidamente la pr\u00f3xima vez.<\/p>\n","protected":false},"author":1,"featured_media":0,"parent":0,"menu_order":0,"comment_status":"closed","ping_status":"closed","template":"","meta":{"footnotes":""},"class_list":["post-6567","page","type-page","status-publish","hentry"],"jetpack_sharing_enabled":true,"_links":{"self":[{"href":"https:\/\/avellanas.mercato.cr\/es\/wp-json\/wp\/v2\/pages\/6567","targetHints":{"allow":["GET"]}}],"collection":[{"href":"https:\/\/avellanas.mercato.cr\/es\/wp-json\/wp\/v2\/pages"}],"about":[{"href":"https:\/\/avellanas.mercato.cr\/es\/wp-json\/wp\/v2\/types\/page"}],"author":[{"embeddable":true,"href":"https:\/\/avellanas.mercato.cr\/es\/wp-json\/wp\/v2\/users\/1"}],"replies":[{"embeddable":true,"href":"https:\/\/avellanas.mercato.cr\/es\/wp-json\/wp\/v2\/comments?post=6567"}],"version-history":[{"count":0,"href":"https:\/\/avellanas.mercato.cr\/es\/wp-json\/wp\/v2\/pages\/6567\/revisions"}],"wp:attachment":[{"href":"https:\/\/avellanas.mercato.cr\/es\/wp-json\/wp\/v2\/media?parent=6567"}],"curies":[{"name":"wp","href":"https:\/\/api.w.org\/{rel}","templated":true}]}}