{"id":5420,"date":"2020-12-29T17:21:10","date_gmt":"2020-12-29T23:21:10","guid":{"rendered":"https:\/\/mercato.cr\/?page_id=5420"},"modified":"2024-04-08T12:02:02","modified_gmt":"2024-04-08T18:02:02","slug":"proposito","status":"publish","type":"page","link":"https:\/\/avellanas.mercato.cr\/es\/proposito\/","title":{"rendered":"Alimentos con Prop\u00f3sito"},"content":{"rendered":"<p>[vc_row][vc_column][gsf_heading layout_style=\u00bbstyle-04&#8243; title_color=\u00bb#333333&#8243; title_font_size=\u00bb19&#8243; title=\u00bb#AlimentosConProp\u00f3sito\u00bb][vc_empty_space][vc_column_text]<\/p>\n<p class=\"gsf-padding-3-3\" style=\"text-align: center;\">Comercializamos alimentos con <strong>poder regenerativo<\/strong>. Eso significa que cada producto que distribuimos, ha sido elegido por su capacidad para <strong>mejorar la salud<\/strong> y calidad de vida del consumidor, <strong>regenerar el medio ambiente<\/strong> donde se produce y llevar <strong>prosperidad a sus productores<\/strong>.<\/p>\n<p>[\/vc_column_text][vc_empty_space][\/vc_column][\/vc_row][vc_row][vc_column width=\u00bb7\/12&#8243;][vc_single_image image=\u00bb3718&#8243; img_size=\u00bblarge\u00bb][\/vc_column][vc_column width=\u00bb5\/12&#8243; css=\u00bb.vc_custom_1609285379373{margin-top: 0px !important;margin-right: 0px !important;margin-bottom: 0px !important;margin-left: 0px !important;border-top-width: 0px !important;border-right-width: 0px !important;border-bottom-width: 0px !important;border-left-width: 0px !important;}\u00bb][vc_column_text]<\/p>\n<h3 style=\"text-align: left;\">Alimento fresco, libre de pesticidas<\/h3>\n<p style=\"text-align: left;\">Recibimos producto fresco reci\u00e9n cosechado y lo entregamos en su hogar. Distribuimos solamente producto de fincas org\u00e1nicas certificadas o de fincas que ofrecen transparencia y compromiso con el no uso de pesticidas y la regeneraci\u00f3n del ambiente.<\/p>\n<p>[\/vc_column_text][gsf_button title=\u00bbPida sus alimentos frescos\u00bb align=\u00bbleft\u00bb el_class=\u00bb\u00bb link=\u00bburl:https%3A%2F%2Favellanas.mercato.cr%2Fvegetales-frutas-verduras-organicas-adomicilio%2F|title:Frescos||\u00bb][vc_empty_space][\/vc_column][vc_column][vc_empty_space][\/vc_column][\/vc_row][vc_row][vc_column width=\u00bb5\/12&#8243;][vc_column_text]<\/p>\n<h3 style=\"text-align: right;\">Productos artesanales \u00fanicos<\/h3>\n<p style=\"text-align: right;\">Escogemos productos con procesado m\u00ednimo, desarrollados por artistas locales, que usan de preferencia ingredientes libres de pesticidas, en procesos artesanales donde no se agregan aditivos da\u00f1inos ni empaques excesivos. El resultado:\u00a0 experiencias extraordinarias, aut\u00e9nticas y saludables.<\/p>\n<p>[\/vc_column_text][gsf_button title=\u00bbDescubra los productos artesanales\u00bb align=\u00bbright\u00bb el_class=\u00bb\u00bb link=\u00bburl:https%3A%2F%2Favellanas.mercato.cr%2Falimentos-artesanales%2F|||\u00bb][\/vc_column][vc_column width=\u00bb7\/12&#8243;][gsf_space desktop=\u00bb0&#8243; tablet=\u00bb20&#8243; tablet_portrait=\u00bb60&#8243; mobile_landscape=\u00bb50&#8243; mobile=\u00bb40&#8243;][vc_single_image image=\u00bb3886&#8243; img_size=\u00bblarge\u00bb][gsf_space desktop=\u00bb90&#8243; tablet=\u00bb70&#8243; tablet_portrait=\u00bb60&#8243; mobile_landscape=\u00bb50&#8243; mobile=\u00bb40&#8243;][\/vc_column][vc_column][vc_empty_space][\/vc_column][\/vc_row][vc_row][vc_column width=\u00bb7\/12&#8243;][vc_single_image image=\u00bb3934&#8243; img_size=\u00bblarge\u00bb][\/vc_column][vc_column width=\u00bb5\/12&#8243;][vc_column_text]<\/p>\n<h3 style=\"text-align: left;\">Productos de granjas sostenibles<\/h3>\n<p style=\"text-align: left;\">Para los consumidores de alimentos de origen animal, hemos escogido producto de granjas con sistemas de producci\u00f3n conscientes y ambientalmente sostenibles. Para el caso de los huevos, pollo, l\u00e1cteos y carnes, elegimos animales manejados en pastoreo, con suelos y pastos libres de pesticidas, y con manejo libre de antibi\u00f3ticos y hormonas.\u00a0 En el caso de productos del mar, elegimos productos de cultivo org\u00e1nico, sostenible y pesca artesanal.<\/p>\n<p>[\/vc_column_text][gsf_button title=\u00bbConozca los productos de pastoreo\u00bb align=\u00bbleft\u00bb el_class=\u00bb\u00bb link=\u00bburl:https%3A%2F%2Favellanas.mercato.cr%2Fgranjas-de-pastoreo-y-pesca-sostenible%2F|||\u00bb][\/vc_column][\/vc_row][vc_row][vc_column][vc_empty_space][vc_column_text][\/vc_column_text][\/vc_column][\/vc_row][vc_row][vc_column][gsf_space desktop=\u00bb90&#8243; tablet=\u00bb70&#8243; tablet_portrait=\u00bb60&#8243; mobile_landscape=\u00bb50&#8243; mobile=\u00bb40&#8243;][gsf_button title=\u00bb\u00bfC\u00f3mo escogemos el producto?\u00bb align=\u00bbcenter\u00bb el_class=\u00bb\u00bb link=\u00bburl:https%3A%2F%2Favellanas.mercato.cr%2Fcomo-escogemos-productos%2F|||\u00bb][\/vc_column][\/vc_row]<\/p>\n","protected":false},"excerpt":{"rendered":"<p>[vc_row][vc_column][gsf_heading layout_style=\u00bbstyle-04&#8243; title_color=\u00bb#333333&#8243; title_font_size=\u00bb19&#8243; title=\u00bb#AlimentosConProp\u00f3sito\u00bb][vc_empty_space][vc_column_text] Comercializamos alimentos con poder regenerativo. Eso significa que cada producto que distribuimos, ha sido elegido por su capacidad para mejorar la salud y calidad de vida del consumidor, regenerar el medio ambiente donde se produce y llevar prosperidad a sus productores. [\/vc_column_text][vc_empty_space][\/vc_column][\/vc_row][vc_row][vc_column width=\u00bb7\/12&#8243;][vc_single_image image=\u00bb3718&#8243; img_size=\u00bblarge\u00bb][\/vc_column][vc_column width=\u00bb5\/12&#8243; css=\u00bb.vc_custom_1609285379373{margin-top: 0px !important;margin-right: 0px [&hellip;]<\/p>\n","protected":false},"author":1,"featured_media":0,"parent":0,"menu_order":0,"comment_status":"closed","ping_status":"closed","template":"","meta":{"footnotes":""},"class_list":["post-5420","page","type-page","status-publish","hentry"],"jetpack_sharing_enabled":true,"_links":{"self":[{"href":"https:\/\/avellanas.mercato.cr\/es\/wp-json\/wp\/v2\/pages\/5420","targetHints":{"allow":["GET"]}}],"collection":[{"href":"https:\/\/avellanas.mercato.cr\/es\/wp-json\/wp\/v2\/pages"}],"about":[{"href":"https:\/\/avellanas.mercato.cr\/es\/wp-json\/wp\/v2\/types\/page"}],"author":[{"embeddable":true,"href":"https:\/\/avellanas.mercato.cr\/es\/wp-json\/wp\/v2\/users\/1"}],"replies":[{"embeddable":true,"href":"https:\/\/avellanas.mercato.cr\/es\/wp-json\/wp\/v2\/comments?post=5420"}],"version-history":[{"count":0,"href":"https:\/\/avellanas.mercato.cr\/es\/wp-json\/wp\/v2\/pages\/5420\/revisions"}],"wp:attachment":[{"href":"https:\/\/avellanas.mercato.cr\/es\/wp-json\/wp\/v2\/media?parent=5420"}],"curies":[{"name":"wp","href":"https:\/\/api.w.org\/{rel}","templated":true}]}}